{"id":11,"date":"2024-01-12T13:46:28","date_gmt":"2024-01-12T13:46:28","guid":{"rendered":"http:\/\/www.bbbminisymp2024-slovakia.sav.sk\/?page_id=11"},"modified":"2024-01-16T12:05:07","modified_gmt":"2024-01-16T12:05:07","slug":"transportation","status":"publish","type":"page","link":"https:\/\/bbbminisymp2024-slovakia.sav.sk\/index.php\/transportation\/","title":{"rendered":"Transportation"},"content":{"rendered":"\n<p><strong>Conference Venue<\/strong><\/p>\n\n\n\n<div class=\"wp-block-group is-vertical is-layout-flex wp-container-core-group-layout-2 wp-block-group-is-layout-flex\">\n<div class=\"wp-block-group is-vertical is-layout-flex wp-container-core-group-layout-1 wp-block-group-is-layout-flex\" style=\"margin-top:0;margin-bottom:0;padding-top:0;padding-right:0;padding-bottom:0;padding-left:0\">\n<p class=\"has-medium-font-size\">Centrum spolo\u010dn\u00fdch \u010dinnost\u00ed SAV, v. v. i.<\/p>\n\n\n\n<p class=\"has-medium-font-size\">Kongresov\u00e9 centrum SAV Smolenice<\/p>\n\n\n\n<p class=\"has-medium-font-size\">Z\u00e1mock\u00e1 18<\/p>\n\n\n\n<p class=\"has-medium-font-size\">919 04 Smolenice<\/p>\n\n\n\n<p class=\"has-medium-font-size\">Slovensk\u00e1 republika<\/p>\n<\/div>\n<\/div>\n\n\n\n<p><\/p>\n\n\n\n<p><a href=\"https:\/\/smolenickyzamok.sav.sk\/en\/\" data-type=\"link\" data-id=\"https:\/\/smolenickyzamok.sav.sk\/en\/\">Link to Smolenice Castle<\/a><\/p>\n\n\n\n<p><\/p>\n\n\n\n<p>Please let us know in advance your travel itinerary and we will help you to organize the transport from Bratislava to Smolenice castle.<\/p>\n\n\n\n<p><strong>By plane:<\/strong><\/p>\n\n\n\n<p>The closest international airports are in Vienna or Bratislava (less frequent flights). Transport from Vienna to Bratislava is either by bus (to Nivy AS)&nbsp; or by train.<\/p>\n\n\n\n<p><strong>By bus:<\/strong><\/p>\n\n\n\n<p>There are public buses between Bratislava (or Trnava) that&nbsp; go to Smolenice.<\/p>\n\n\n\n<p><strong>By car:<\/strong><\/p>\n\n\n\n<p>You can park directly in the castle.<\/p>\n\n\n\n<div class=\"wp-block-columns is-layout-flex wp-container-core-columns-layout-2 wp-block-columns-is-layout-flex\">\n<div class=\"wp-block-column is-layout-flow wp-block-column-is-layout-flow\">\n<div class=\"wp-block-columns is-layout-flex wp-container-core-columns-layout-1 wp-block-columns-is-layout-flex\">\n<div class=\"wp-block-column is-layout-flow wp-block-column-is-layout-flow\"><div id=\"wpgmza_map\" class=\"wpgmza_map\" data-settings='{\"id\":\"1\",\"map_title\":\"My first map\",\"map_width\":\"100\",\"map_height\":\"400\",\"map_start_lat\":\"48.5133649\",\"map_start_lng\":\"17.43185039999999\",\"map_start_location\":\"45.950464398418106,-109.81550500000003\",\"map_start_zoom\":\"4\",\"default_marker\":\"\",\"type\":\"0\",\"alignment\":\"4\",\"directions_enabled\":\"0\",\"styling_enabled\":\"0\",\"styling_json\":\"\",\"active\":\"0\",\"kml\":\"\",\"bicycle\":\"0\",\"traffic\":\"0\",\"dbox\":\"0\",\"dbox_width\":\"\",\"listmarkers\":\"0\",\"listmarkers_advanced\":\"0\",\"filterbycat\":\"0\",\"ugm_enabled\":\"0\",\"ugm_category_enabled\":\"0\",\"fusion\":\"\",\"map_width_type\":\"%\",\"map_height_type\":\"px\",\"mass_marker_support\":\"0\",\"ugm_access\":\"0\",\"order_markers_by\":\"0\",\"order_markers_choice\":\"0\",\"show_user_location\":\"0\",\"default_to\":\"\",\"other_settings\":{\"map_type\":1,\"sl_stroke_color\":\"\",\"sl_fill_color\":\"\",\"sl_stroke_opacity\":\"\",\"sl_fill_opacity\":\"\",\"transport_layer\":false,\"action\":\"wpgmza_save_map\",\"redirect_to\":\"\\\/wp-admin\\\/admin-post.php\",\"map_id\":\"1\",\"http_referer\":\"\\\/wp-admin\\\/admin.php?page=wp-google-maps-menu&amp;amp;action=edit&amp;amp;map_id=1\",\"wpgmza_id\":\"1\",\"wpgmza_start_location\":\"48.5133649,17.43185039999999\",\"wpgmza_start_zoom\":\"4\",\"store_locator_enabled\":false,\"store_locator_search_area\":\"radial\",\"wpgmza_store_locator_radius_style\":\"legacy\",\"wpgmza_store_locator_default_radius\":\"10\",\"store_locator_auto_area_max_zoom\":\"\",\"store_locator_distance\":false,\"wpgmza_store_locator_position\":false,\"store_locator_show_distance\":false,\"store_locator_category\":false,\"wpgmza_store_locator_use_their_location\":false,\"wpgmza_store_locator_bounce\":false,\"wpgmza_sl_animation\":null,\"wpgmza_store_locator_hide_before_search\":false,\"store_locator_query_string\":\"\",\"store_locator_location_placeholder\":\"\",\"store_locator_default_address\":\"\",\"store_locator_name_search\":false,\"store_locator_name_string\":\"\",\"store_locator_not_found_message\":\"\",\"wpgmza_map_align\":\"1\",\"jump_to_nearest_marker_on_initialization\":false,\"automatically_pan_to_users_location\":false,\"override_users_location_zoom_level\":false,\"override_users_location_zoom_levels\":\"\",\"show_distance_from_location\":false,\"map_max_zoom\":\"21\",\"map_min_zoom\":\"0\",\"click_open_link\":false,\"fit_maps_bounds_to_markers\":false,\"fit_maps_bounds_to_markers_after_filtering\":false,\"hide_point_of_interest\":false,\"wpgmza_zoom_on_marker_click\":false,\"wpgmza_zoom_on_marker_click_slider\":\"\",\"close_infowindow_on_map_click\":false,\"disable_lightbox_images\":false,\"use_Raw_Jpeg_Coordinates\":false,\"disable_polygon_info_windows\":false,\"enable_marker_ratings\":false,\"only_load_markers_within_viewport\":false,\"iw_primary_color\":\"#000000\",\"iw_accent_color\":\"#000000\",\"iw_text_color\":\"#000000\",\"wpgmza_listmarkers_by\":\"0\",\"wpgmza_marker_listing_position\":false,\"zoom_level_on_marker_listing_override\":false,\"zoom_level_on_marker_listing_click\":\"\",\"marker_listing_disable_zoom\":false,\"datatable_no_result_message\":\"\",\"remove_search_box_datables\":false,\"dataTable_pagination_style\":null,\"datatable_search_string\":\"\",\"datatable_result_start\":\"\",\"datatable_result_of\":\"\",\"datatable_result_to\":\"\",\"datatable_result_total\":\"\",\"datatable_result_show\":\"\",\"datatable_result_entries\":\"\",\"wpgmza_savemap\":\"Save Map \\u00bb\"}}' data-map-id='1' Data-maps-engine='open-layers' data-shortcode-attributes='{\"id\":\"1\"}' style=\"display:block; overflow:auto; width:100%; height:400px; float:left;\"><\/div><\/div>\n<\/div>\n<\/div>\n<\/div>\n\n\n\n<figure class=\"wp-block-gallery has-nested-images columns-default is-cropped wp-block-gallery-1 is-layout-flex wp-block-gallery-is-layout-flex\">\n<figure class=\"wp-block-image size-large\"><img loading=\"lazy\" decoding=\"async\" width=\"1024\" height=\"576\" data-id=\"49\" src=\"http:\/\/www.bbbminisymp2024-slovakia.sav.sk\/wp-content\/uploads\/2024\/01\/Clipboard12-1024x576.jpg\" alt=\"\" class=\"wp-image-49\" srcset=\"https:\/\/bbbminisymp2024-slovakia.sav.sk\/wp-content\/uploads\/2024\/01\/Clipboard12-1024x576.jpg 1024w, https:\/\/bbbminisymp2024-slovakia.sav.sk\/wp-content\/uploads\/2024\/01\/Clipboard12-300x169.jpg 300w, https:\/\/bbbminisymp2024-slovakia.sav.sk\/wp-content\/uploads\/2024\/01\/Clipboard12-768x432.jpg 768w, https:\/\/bbbminisymp2024-slovakia.sav.sk\/wp-content\/uploads\/2024\/01\/Clipboard12-1536x864.jpg 1536w, https:\/\/bbbminisymp2024-slovakia.sav.sk\/wp-content\/uploads\/2024\/01\/Clipboard12.jpg 1612w\" sizes=\"(max-width: 1024px) 100vw, 1024px\" \/><\/figure>\n\n\n\n<figure class=\"wp-block-image size-large\"><img loading=\"lazy\" decoding=\"async\" width=\"1024\" height=\"768\" data-id=\"48\" src=\"http:\/\/www.bbbminisymp2024-slovakia.sav.sk\/wp-content\/uploads\/2024\/01\/Clipboard10-1024x768.jpg\" alt=\"\" class=\"wp-image-48\" srcset=\"https:\/\/bbbminisymp2024-slovakia.sav.sk\/wp-content\/uploads\/2024\/01\/Clipboard10-1024x768.jpg 1024w, https:\/\/bbbminisymp2024-slovakia.sav.sk\/wp-content\/uploads\/2024\/01\/Clipboard10-300x225.jpg 300w, https:\/\/bbbminisymp2024-slovakia.sav.sk\/wp-content\/uploads\/2024\/01\/Clipboard10-768x576.jpg 768w, https:\/\/bbbminisymp2024-slovakia.sav.sk\/wp-content\/uploads\/2024\/01\/Clipboard10.jpg 1200w\" sizes=\"(max-width: 1024px) 100vw, 1024px\" \/><\/figure>\n\n\n\n<figure class=\"wp-block-image size-large\"><img loading=\"lazy\" decoding=\"async\" width=\"1024\" height=\"768\" data-id=\"47\" src=\"http:\/\/www.bbbminisymp2024-slovakia.sav.sk\/wp-content\/uploads\/2024\/01\/Clipboard09.jpg\" alt=\"\" class=\"wp-image-47\" srcset=\"https:\/\/bbbminisymp2024-slovakia.sav.sk\/wp-content\/uploads\/2024\/01\/Clipboard09.jpg 1024w, https:\/\/bbbminisymp2024-slovakia.sav.sk\/wp-content\/uploads\/2024\/01\/Clipboard09-300x225.jpg 300w, https:\/\/bbbminisymp2024-slovakia.sav.sk\/wp-content\/uploads\/2024\/01\/Clipboard09-768x576.jpg 768w\" sizes=\"(max-width: 1024px) 100vw, 1024px\" \/><\/figure>\n\n\n\n<figure class=\"wp-block-image size-large\"><img loading=\"lazy\" decoding=\"async\" width=\"1024\" height=\"724\" data-id=\"46\" src=\"http:\/\/www.bbbminisymp2024-slovakia.sav.sk\/wp-content\/uploads\/2024\/01\/Clipboard08-1024x724.jpg\" alt=\"\" class=\"wp-image-46\" srcset=\"https:\/\/bbbminisymp2024-slovakia.sav.sk\/wp-content\/uploads\/2024\/01\/Clipboard08-1024x724.jpg 1024w, https:\/\/bbbminisymp2024-slovakia.sav.sk\/wp-content\/uploads\/2024\/01\/Clipboard08-300x212.jpg 300w, https:\/\/bbbminisymp2024-slovakia.sav.sk\/wp-content\/uploads\/2024\/01\/Clipboard08-768x543.jpg 768w, https:\/\/bbbminisymp2024-slovakia.sav.sk\/wp-content\/uploads\/2024\/01\/Clipboard08.jpg 1500w\" sizes=\"(max-width: 1024px) 100vw, 1024px\" \/><\/figure>\n\n\n\n<figure class=\"wp-block-image size-large\"><img loading=\"lazy\" decoding=\"async\" width=\"500\" height=\"375\" data-id=\"45\" src=\"http:\/\/www.bbbminisymp2024-slovakia.sav.sk\/wp-content\/uploads\/2024\/01\/Clipboard07.jpg\" alt=\"\" class=\"wp-image-45\" srcset=\"https:\/\/bbbminisymp2024-slovakia.sav.sk\/wp-content\/uploads\/2024\/01\/Clipboard07.jpg 500w, https:\/\/bbbminisymp2024-slovakia.sav.sk\/wp-content\/uploads\/2024\/01\/Clipboard07-300x225.jpg 300w\" sizes=\"(max-width: 500px) 100vw, 500px\" \/><\/figure>\n\n\n\n<figure class=\"wp-block-image size-large\"><img loading=\"lazy\" decoding=\"async\" width=\"600\" height=\"400\" data-id=\"44\" src=\"http:\/\/www.bbbminisymp2024-slovakia.sav.sk\/wp-content\/uploads\/2024\/01\/Clipboard06.jpg\" alt=\"\" class=\"wp-image-44\" srcset=\"https:\/\/bbbminisymp2024-slovakia.sav.sk\/wp-content\/uploads\/2024\/01\/Clipboard06.jpg 600w, https:\/\/bbbminisymp2024-slovakia.sav.sk\/wp-content\/uploads\/2024\/01\/Clipboard06-300x200.jpg 300w\" sizes=\"(max-width: 600px) 100vw, 600px\" \/><\/figure>\n\n\n\n<figure class=\"wp-block-image size-large\"><img loading=\"lazy\" decoding=\"async\" width=\"1024\" height=\"681\" data-id=\"43\" src=\"http:\/\/www.bbbminisymp2024-slovakia.sav.sk\/wp-content\/uploads\/2024\/01\/Clipboard05-1024x681.jpg\" alt=\"\" class=\"wp-image-43\" srcset=\"https:\/\/bbbminisymp2024-slovakia.sav.sk\/wp-content\/uploads\/2024\/01\/Clipboard05-1024x681.jpg 1024w, https:\/\/bbbminisymp2024-slovakia.sav.sk\/wp-content\/uploads\/2024\/01\/Clipboard05-300x200.jpg 300w, https:\/\/bbbminisymp2024-slovakia.sav.sk\/wp-content\/uploads\/2024\/01\/Clipboard05-768x511.jpg 768w, https:\/\/bbbminisymp2024-slovakia.sav.sk\/wp-content\/uploads\/2024\/01\/Clipboard05.jpg 1353w\" sizes=\"(max-width: 1024px) 100vw, 1024px\" \/><\/figure>\n\n\n\n<figure class=\"wp-block-image size-large\"><img loading=\"lazy\" decoding=\"async\" width=\"640\" height=\"427\" data-id=\"42\" src=\"http:\/\/www.bbbminisymp2024-slovakia.sav.sk\/wp-content\/uploads\/2024\/01\/Clipboard04.jpg\" alt=\"\" class=\"wp-image-42\" srcset=\"https:\/\/bbbminisymp2024-slovakia.sav.sk\/wp-content\/uploads\/2024\/01\/Clipboard04.jpg 640w, https:\/\/bbbminisymp2024-slovakia.sav.sk\/wp-content\/uploads\/2024\/01\/Clipboard04-300x200.jpg 300w\" sizes=\"(max-width: 640px) 100vw, 640px\" \/><\/figure>\n\n\n\n<figure class=\"wp-block-image size-large\"><img loading=\"lazy\" decoding=\"async\" width=\"600\" height=\"400\" data-id=\"41\" src=\"http:\/\/www.bbbminisymp2024-slovakia.sav.sk\/wp-content\/uploads\/2024\/01\/Clipboard03.jpg\" alt=\"\" class=\"wp-image-41\" srcset=\"https:\/\/bbbminisymp2024-slovakia.sav.sk\/wp-content\/uploads\/2024\/01\/Clipboard03.jpg 600w, https:\/\/bbbminisymp2024-slovakia.sav.sk\/wp-content\/uploads\/2024\/01\/Clipboard03-300x200.jpg 300w\" sizes=\"(max-width: 600px) 100vw, 600px\" \/><\/figure>\n\n\n\n<figure class=\"wp-block-image size-large\"><img loading=\"lazy\" decoding=\"async\" width=\"811\" height=\"965\" data-id=\"40\" src=\"http:\/\/www.bbbminisymp2024-slovakia.sav.sk\/wp-content\/uploads\/2024\/01\/Clipboard01.jpg\" alt=\"\" class=\"wp-image-40\" srcset=\"https:\/\/bbbminisymp2024-slovakia.sav.sk\/wp-content\/uploads\/2024\/01\/Clipboard01.jpg 811w, https:\/\/bbbminisymp2024-slovakia.sav.sk\/wp-content\/uploads\/2024\/01\/Clipboard01-252x300.jpg 252w, https:\/\/bbbminisymp2024-slovakia.sav.sk\/wp-content\/uploads\/2024\/01\/Clipboard01-768x914.jpg 768w\" sizes=\"(max-width: 811px) 100vw, 811px\" \/><\/figure>\n\n\n\n<figure class=\"wp-block-image size-large\"><img loading=\"lazy\" decoding=\"async\" width=\"1024\" height=\"684\" data-id=\"39\" src=\"http:\/\/www.bbbminisymp2024-slovakia.sav.sk\/wp-content\/uploads\/2024\/01\/Clipboar11-1024x684.jpg\" alt=\"\" class=\"wp-image-39\" srcset=\"https:\/\/bbbminisymp2024-slovakia.sav.sk\/wp-content\/uploads\/2024\/01\/Clipboar11-1024x684.jpg 1024w, https:\/\/bbbminisymp2024-slovakia.sav.sk\/wp-content\/uploads\/2024\/01\/Clipboar11-300x200.jpg 300w, https:\/\/bbbminisymp2024-slovakia.sav.sk\/wp-content\/uploads\/2024\/01\/Clipboar11-768x513.jpg 768w, https:\/\/bbbminisymp2024-slovakia.sav.sk\/wp-content\/uploads\/2024\/01\/Clipboar11.jpg 1347w\" sizes=\"(max-width: 1024px) 100vw, 1024px\" \/><\/figure>\n<\/figure>\n","protected":false},"excerpt":{"rendered":"<p>Conference Venue Centrum spolo\u010dn\u00fdch \u010dinnost\u00ed SAV, v. v. i. Kongresov\u00e9 centrum SAV Smolenice Z\u00e1mock\u00e1 18 919 04 Smolenice Slovensk\u00e1 republika Link to Smolenice Castle Please let us know in advance your travel itinerary and we will help you to organize the transport from Bratislava to Smolenice castle. By plane: The closest international airports are in [&hellip;]<\/p>\n","protected":false},"author":1,"featured_media":0,"parent":0,"menu_order":0,"comment_status":"closed","ping_status":"closed","template":"","meta":{"footnotes":""},"_links":{"self":[{"href":"https:\/\/bbbminisymp2024-slovakia.sav.sk\/index.php\/wp-json\/wp\/v2\/pages\/11"}],"collection":[{"href":"https:\/\/bbbminisymp2024-slovakia.sav.sk\/index.php\/wp-json\/wp\/v2\/pages"}],"about":[{"href":"https:\/\/bbbminisymp2024-slovakia.sav.sk\/index.php\/wp-json\/wp\/v2\/types\/page"}],"author":[{"embeddable":true,"href":"https:\/\/bbbminisymp2024-slovakia.sav.sk\/index.php\/wp-json\/wp\/v2\/users\/1"}],"replies":[{"embeddable":true,"href":"https:\/\/bbbminisymp2024-slovakia.sav.sk\/index.php\/wp-json\/wp\/v2\/comments?post=11"}],"version-history":[{"count":9,"href":"https:\/\/bbbminisymp2024-slovakia.sav.sk\/index.php\/wp-json\/wp\/v2\/pages\/11\/revisions"}],"predecessor-version":[{"id":89,"href":"https:\/\/bbbminisymp2024-slovakia.sav.sk\/index.php\/wp-json\/wp\/v2\/pages\/11\/revisions\/89"}],"wp:attachment":[{"href":"https:\/\/bbbminisymp2024-slovakia.sav.sk\/index.php\/wp-json\/wp\/v2\/media?parent=11"}],"curies":[{"name":"wp","href":"https:\/\/api.w.org\/{rel}","templated":true}]}}