{"id":2,"date":"2024-01-12T13:02:29","date_gmt":"2024-01-12T13:02:29","guid":{"rendered":"http:\/\/www.bbbminisymp2024-slovakia.sav.sk\/?page_id=2"},"modified":"2024-02-29T15:59:44","modified_gmt":"2024-02-29T15:59:44","slug":"sample-page","status":"publish","type":"page","link":"https:\/\/bbbminisymp2024-slovakia.sav.sk\/index.php\/sample-page\/","title":{"rendered":"Program"},"content":{"rendered":"\n<blockquote class=\"wp-block-quote\">\n<p><a href=\"http:\/\/\/www.bbbminisymp2024-slovakia.sav.sk\/documents\/program.pdf\">program bbbsym2024 &#8211; pdf version<\/a><\/p>\n<\/blockquote>\n\n\n\n<p><strong>Confirmed speakers<\/strong>:<\/p>\n\n\n\n<blockquote class=\"wp-block-quote\">\n<p><strong>William A Banks<\/strong><\/p>\n\n\n\n<p>University of Washington, USA<\/p>\n<\/blockquote>\n\n\n\n<blockquote class=\"wp-block-quote\">\n<p><strong>Matthew Campbell<\/strong><\/p>\n\n\n\n<p>Trinity College, Ireland<\/p>\n<\/blockquote>\n\n\n\n<blockquote class=\"wp-block-quote\">\n<p><strong>Maria A. Deli<\/strong><\/p>\n\n\n\n<p>Biological Research Centre, Hungary<\/p>\n<\/blockquote>\n\n\n\n<blockquote class=\"wp-block-quote\">\n<p><strong>Carola Foster<\/strong><\/p>\n\n\n\n<p>University of W\u00fcrzburg, W\u00fcrzburg, Germany<\/p>\n<\/blockquote>\n\n\n\n<blockquote class=\"wp-block-quote\">\n<p> <strong>Alo\u00efse Mabondzo<\/strong><p>Paris Saclay University, Paris, France<\/p><\/p>\n<\/blockquote>\n\n\n\n<blockquote class=\"wp-block-quote\">\n<p><strong>Yoichi Morofuji<\/strong><\/p>\n\n\n\n<p>Nagasaki University, Japan<\/p>\n<\/blockquote>\n\n\n\n<blockquote class=\"wp-block-quote\">\n<p><strong>Winfried Neuhaus<\/strong><\/p>\n\n\n\n<p>Austrian Institute of Technology, Vienna<\/p>\n<\/blockquote>\n\n\n\n<blockquote class=\"wp-block-quote\">\n<p><strong>Lukas Kenner<\/strong><\/p>\n\n\n\n<p>Medical University of Vienna<\/p>\n<\/blockquote>\n\n\n\n<blockquote class=\"wp-block-quote\">\n<p><strong>Oliver Langer<\/strong><\/p>\n\n\n\n<p>Medical University of Vienna<\/p>\n<\/blockquote>\n\n\n\n<p><\/p>\n","protected":false},"excerpt":{"rendered":"<p>program bbbsym2024 &#8211; pdf version Confirmed speakers: William A Banks University of Washington, USA Matthew Campbell Trinity College, Ireland Maria A. Deli Biological Research Centre, Hungary Carola Foster University of W\u00fcrzburg, W\u00fcrzburg, Germany Alo\u00efse Mabondzo Paris Saclay University, Paris, France Yoichi Morofuji Nagasaki University, Japan Winfried Neuhaus Austrian Institute of Technology, Vienna Lukas Kenner Medical [&hellip;]<\/p>\n","protected":false},"author":1,"featured_media":0,"parent":0,"menu_order":0,"comment_status":"closed","ping_status":"open","template":"","meta":{"footnotes":""},"_links":{"self":[{"href":"https:\/\/bbbminisymp2024-slovakia.sav.sk\/index.php\/wp-json\/wp\/v2\/pages\/2"}],"collection":[{"href":"https:\/\/bbbminisymp2024-slovakia.sav.sk\/index.php\/wp-json\/wp\/v2\/pages"}],"about":[{"href":"https:\/\/bbbminisymp2024-slovakia.sav.sk\/index.php\/wp-json\/wp\/v2\/types\/page"}],"author":[{"embeddable":true,"href":"https:\/\/bbbminisymp2024-slovakia.sav.sk\/index.php\/wp-json\/wp\/v2\/users\/1"}],"replies":[{"embeddable":true,"href":"https:\/\/bbbminisymp2024-slovakia.sav.sk\/index.php\/wp-json\/wp\/v2\/comments?post=2"}],"version-history":[{"count":8,"href":"https:\/\/bbbminisymp2024-slovakia.sav.sk\/index.php\/wp-json\/wp\/v2\/pages\/2\/revisions"}],"predecessor-version":[{"id":108,"href":"https:\/\/bbbminisymp2024-slovakia.sav.sk\/index.php\/wp-json\/wp\/v2\/pages\/2\/revisions\/108"}],"wp:attachment":[{"href":"https:\/\/bbbminisymp2024-slovakia.sav.sk\/index.php\/wp-json\/wp\/v2\/media?parent=2"}],"curies":[{"name":"wp","href":"https:\/\/api.w.org\/{rel}","templated":true}]}}